{"id":73,"date":"2018-08-16T05:24:43","date_gmt":"2018-08-16T05:24:43","guid":{"rendered":"http:\/\/woutervanbelle.com\/disco\/?page_id=73"},"modified":"2018-09-07T13:38:11","modified_gmt":"2018-09-07T13:38:11","slug":"lyrics","status":"publish","type":"page","link":"http:\/\/woutervanbelle.com\/disco\/wow-flutter\/lyrics\/","title":{"rendered":"Lyrics"},"content":{"rendered":"<div class=\"row-in\">\n<div class=\"column-in\">\n<h4 class=\"textheadl_blue\">Maan<\/h4>\n<p class=\"text\">Alleen in bed, de lakens koud<br \/>\nEr is geen angst, er is geen berouw<br \/>\nIk verander enkel voor de schijn<br \/>\nDe klok slaat tien of elf en uit<br \/>\nverveling doodt de tijd zichzelf.<br \/>\nIk tel en elke slag doet pijn.<\/p>\n<p>Dan wordt het nacht in de kamers van onschuld<br \/>\nEn ik voel mijn bloed koken maar ik geef niet toe<br \/>\nDat het de maan is die me zo doet huilen om jou.<br \/>\nEr is geen weg terug, er is niet<br \/>\nMeer dan een verbrande brug,<br \/>\nEen traankanaal dwars door ons heen.<br \/>\nMen zegt dat dit verdriet verslijt<br \/>\nMaar ik ben al lang het Noorden kwijt.<br \/>\nIk woel en draai er weer omheen.<\/p>\n<p>Refr.<\/p>\n<p>Music and lyrics: Joerie Cornille<\/p>\n<h4>Comfort<\/h4>\n<p class=\"text\">Shall I shall I speak of Harley ?<br \/>\nShall I do what I can do ?<br \/>\nAnd take comfort for us both<br \/>\nAnd take comfort for you too<br \/>\nEven if it&#8217;s now impossible<br \/>\nTo find out what&#8217;s the clue<br \/>\nI&#8217;m here to carry-on<br \/>\nI am here to comfort you<\/p>\n<p>Elle m\u2019\u00e0 plus visit\u00e9<br \/>\nL\u2019 histoire a continu\u00e9<\/p>\n<p>I\u2019ll love you while<br \/>\nin paradise<br \/>\nThere we shall be in harmony<br \/>\nThat lasts forever you and me<\/p>\n<p>Comfort for you, comfort for me<\/p>\n<p>Where the sun is always shining<br \/>\nAnd the laughter will be ours<br \/>\nGiving names to all the birds<br \/>\nNever closing , speak out words<br \/>\nComfort love and understanding<br \/>\nA shoulder to lean on<br \/>\nGive me shelter from the storm<br \/>\nI give you shelter from the storm<\/p>\n<p>Elle m\u2019\u00e0 plus visit\u00e9<br \/>\nL\u2019histoire \u00e0 continu\u00e9<\/p>\n<p>I love you while<br \/>\nIn paradise<br \/>\nThere we shall be in harmony<br \/>\nAnd that\u2019s forever you will see<\/p>\n<p>Comfort for you comfort for me<br \/>\nComfort me<br \/>\nComfort for you<\/p>\n<p>Kijken naar het raam ik zie hem voor me staan hij heeft het koud hij wil een vrouw en daarom zing ik \u2018Herman Brood die springt zich dadelijk meer dan dood\u2019<\/p>\n<p>Van het hotel van zijn dromen<br \/>\nDaar waar wij niet mogen komen<br \/>\nVan het hotel van zijn dromen<br \/>\nDaar waar wij niet mogen komen<\/p>\n<p>Daar waar wij niet mogen komen<\/p>\n<p>Music and Lyrics Wouter Van Belle<\/p>\n<h4 class=\"textheadl_blue\">Koningin Waltz<\/h4>\n<p class=\"text\">Ooit was ik een jonge meid<br \/>\nToen kwam hij hij heeft me van mijn maagdelijkheid bevrijdt<br \/>\nLange tijd liep ik heet<br \/>\nToen kwam ik hem tegen en ik weet hoe hij heet<\/p>\n<p>Hij zal maken vijf kleine knapen<br \/>\nom te helpen op ons ons erf in Laken<\/p>\n<p>Van moeder mocht ik me niet laten gaan<br \/>\nM\u2019n vader zal me slaan&#8230;<\/p>\n<p>ooit was ik een jonge meid<br \/>\nPas maar op of je wordt nog koningin!<br \/>\nlange tijd liep ik heet<br \/>\nPas maar op of je wordt nog koningin!<br \/>\nooit was ik een jonge meid<br \/>\npas maar op of je wordt nog koningin!<br \/>\nlange tijd liep ik heet<br \/>\npas maar op of je wordt nog koningin!<\/p>\n<p>pas maar op of je wordt nog koningin!<\/p>\n<p>Music and Lyrics: Wouter Van Belle<\/p>\n<h4><span class=\"textheadl_blue\">Sterker\u2026 <\/span><\/h4>\n<p>Sterker nog dat kan niet want dat wil je toch niet voelen<br \/>\nEten op de leslie want we zitten zonder stoelen<\/p>\n<p>Ik zit al jaren niet meer stil<br \/>\nJij laat het dagen want ik wil<\/p>\n<p>De roes voorbij<\/p>\n<p>Sterker nog dat kan niet want dat wil je toch niet voelen<br \/>\nEten op de leslie want we zitten zonder stoelen<\/p>\n<p>Ik zit al dagen niet meer stil<br \/>\nJij laat het dagen want ik wil<br \/>\nDe roes voorbij het feest gedaan<\/p>\n<p>Ze komt graag langs en heeft een doel<br \/>\nZe breekt een lans<br \/>\nEn vrijt heel zwoel<\/p>\n<p>De roes voorbij het feest gedaan<br \/>\nDe roes voorbij<\/p>\n<p>Music: Wouter Van Belle, Marc Bonne<br \/>\nLyrics: Wouter Van Belle<\/p>\n<h4 class=\"textheadl_blue\">Zon-Zon<\/h4>\n<p class=\"text\">Zon, zon, lieve zon<br \/>\nIk wou dat ik je pakken kon<br \/>\nIk zou je dan heel vriendelijk vragen<br \/>\nBlijf toch schijnen alle dagen<br \/>\nLieve zon ga nooit meer weg<br \/>\nWil je dat beloven ?<\/p>\n<p>Zon, zon, lieve zon<br \/>\nJe wil maar niet schijnen<br \/>\nZon, zon, lieve zon<br \/>\nJe wil maar niet schijnen<\/p>\n<p>Zon, zon, lieve zon<br \/>\nIk wou dat ik je pakken kon<br \/>\nLaat je licht dan op ons schijnen<br \/>\nDoor de vensters en gordijnen<\/p>\n<p>Lieve zon ga nooit meer weg<br \/>\nWil je dat beloven<\/p>\n<p>Zon, zon, lieve zon<br \/>\nJe wil maar niet schijnen<br \/>\n(schijn dan toch zon!)<br \/>\nZon, zon, lieve zon<br \/>\nJe wil maar niet schijnen<\/p>\n<p>Zoooooooooooooooooooooooooooooooooooon<\/p>\n<p>Laat je licht dan op ons schijnen<br \/>\nDoor de vensters en gordijnen<\/p>\n<p>\u2026(Zon begint te schijnen)<\/p>\n<p class=\"text\">Traditional. Music and additional Lyrics: Wouter Van Belle<\/p>\n<h4 class=\"textheadl_blue\">Rock \u2019n Roll<\/h4>\n<p class=\"text\">I feel down<br \/>\nThat\u2019s why I\u2019m playing you organ<br \/>\nThe amount of space it\u2019s scares me but I close<br \/>\nDown from the ground<br \/>\nLet\u2019s make some sound<\/p>\n<p>Rock \u2018n Roll doll with me<\/p>\n<p>Taking me home<br \/>\nScandalizing the street<br \/>\nAking for coke<br \/>\nChoosing all the girls<br \/>\nYou\u2019re kingdom\u2019s gone<br \/>\nkingdom\u2019s gone, anyway.,<\/p>\n<p>Rock \u2018n Roll doll with me<br \/>\nRock \u2018n Roll doll with me<br \/>\nRock \u2018n Roll doll with me<br \/>\nRock \u2018n Roll doll with me<\/p>\n<p>With me<br \/>\nWith me<\/p>\n<p>Rock \u2018n Roll doll<br \/>\n\u2026<\/p>\n<p class=\"text\">Music and Lyrics: Wouter Van Belle<\/p>\n<\/div>\n<div class=\"column-in\">\n<h4>Myriam<\/h4>\n<p>Je marche, je cours<br \/>\nToujours<br \/>\nTous les joursHow she smiled at me<br \/>\nAnd that moment you should have seen me<br \/>\nTraverser la rue (crossing down the street)<br \/>\nPour rencontrerMyriam,<br \/>\nMyriam tu sais que je t\u2019aime<br \/>\nEt que je joue toujours le m\u00eame<br \/>\nJ t \u2018aime sur le piano<br \/>\nle piano qui joue toujours le th\u00e8me, sans mots !<\/p>\n<p>lalala<\/p>\n<p>L\u2019amour n\u2019a pas pris longtemps<br \/>\nL\u2019apr\u00e8s un bon temps<br \/>\nFemme de ma vie<br \/>\nPauvre ch\u00e9rie<br \/>\nJ\u2019voudrais \u00eatre mort \u00eatre mort \u00eatre mort!<\/p>\n<p>Mais non, mais non !<br \/>\nT\u2019a tout ton temps<br \/>\nEt quitte ton amour!<br \/>\nElle n\u2019 est rien, rien pour toi<br \/>\ntu veux m\u2019\u00e9couter?<br \/>\nSi tu m\u2019\u00e9coutes tu es sauv\u00e9, sauv\u00e9!<\/p>\n<p>J\u2019ai pleur\u00e9 oui<br \/>\nToute la nuit, des semaines<br \/>\nM\u00eame des mois, des ann\u00e9es<br \/>\nPassion\u00e9ment<\/p>\n<p>devenir fou<\/p>\n<p>Music and Lyrics: Wouter Van Belle<\/p>\n<h4 class=\"textheadl_blue\">Wat ga ik doen ?<\/h4>\n<p>Of : \u201cgeen dier jankt zo ongenadig als de mens\u201d<br \/>\n(Jaap Kruithof)<\/p>\n<p>Wat ga ik doen als je er niet meer bent ?<br \/>\nBen ik dan eenzaam niet meer verwend<br \/>\nIs dat dan \u2018t ergste dat een mens ooit kent?<\/p>\n<p>Aldus geschiede<\/p>\n<p>Wat ga ik doen als je er niet meer bent?<\/p>\n<p>Ben ik nu eenzaam niet meer verwend?<\/p>\n<p>Wat ga ik doen?<\/p>\n<p>Oe oe<br \/>\nAi Ai Ai<br \/>\nOe Oe<\/p>\n<p>Music and Lyrics: Wouter Van Belle<\/p>\n<h4 class=\"textheadl_blue\">Parlando<\/h4>\n<p class=\"text\">I was there before you<br \/>\nNo need to cry<br \/>\nI\u2018ve seen every tear before.<\/p>\n<p class=\"text\">Music and Lyrics: Wouter Van Belle<\/p>\n<h4 class=\"textheadl_blue\">1 Keer<\/h4>\n<p>Ik schrijf een lied 10 jaar geleden<br \/>\nIk wist niet hoe ik het deed<br \/>\nHet kwam uit mijn pen gevloeid<br \/>\nRecht op het papier<br \/>\nEn ik vind niet meer<\/p>\n<p>Hoe ik het deed<\/p>\n<p>De woorden waren maar kort<br \/>\ndacht aan het leven en aan mijn hond<br \/>\nEn als ik nu probeer hetzelfde opnieuw te doen<br \/>\nDan lukt het niet meer<\/p>\n<p>een doos vol afval<br \/>\neen doos vol leven\u2026<br \/>\neen doos vol afval -jawel<\/p>\n<p>een doos vol afval<br \/>\neen doos vol leven\u2026<br \/>\neen doos vol afval &#8211; jawel<\/p>\n<p>Al wat ik doe, kan ik 1 keer en dan niet meer<br \/>\nNee meneer<br \/>\nvraag het geen tweede keer<\/p>\n<p>Toen maakte ik een hele plaat<br \/>\nMet liedjes op, in overdaad bijeengeschreven<br \/>\nOver een heel leven<br \/>\nEn dat is het dan,<br \/>\nWat ik kan<br \/>\nJe doet ermee wat je wil<\/p>\n<p>een doos vol afval<br \/>\neen doos vol leven\u2026<br \/>\neen doos vol afval -jawel<\/p>\n<p>een doos vol afval<br \/>\neen doos vol leven\u2026<br \/>\neen doos vol afval -jawel<\/p>\n<p class=\"text\">Music &amp; Lyrics : Wouter Van Belle<\/p>\n<h4 class=\"textheadl_blue\">Alles wat je wil!<\/h4>\n<p class=\"text\">Geef niet op, laat je zien<br \/>\nAlles wat je wil &#8211; kan je leren<br \/>\nGeef niet toe<br \/>\nLaat je zien<br \/>\nJe bent mooi en dat is goed<br \/>\nWeet je wel<br \/>\nHartedief<br \/>\nHet gaat maar door en ik wil zeker<br \/>\nAls ik zing<br \/>\nNaar huis toe gaan<\/p>\n<p>Alles wat je wil !!!<\/p>\n<p>Te vroeg om op te staan<br \/>\nTe laat om te gaan slapen<br \/>\nDus ik blijf hier niet gapen<br \/>\nIk haast mij naar de maan<br \/>\nWant daar is het veel beter<br \/>\nOm te leven moet je weten<br \/>\nEn we gaan ons niet vervelen<br \/>\nWe doen het met plezier!<\/p>\n<p>Geef niet op, laat je zien<br \/>\nAlles wat je wil dat<br \/>\nLaat je zien<br \/>\nJe bent mooi en dat is goed .<\/p>\n<p>Alles wat we weten<br \/>\nKunnen we vergeten<br \/>\nWe denken ook niet aan morgen<br \/>\nEn leven zonder zorgen<br \/>\nOm mijn liefste te beminnen<br \/>\nStreel ik al haar zinnen<br \/>\nZe zal me toch niet dwingen<br \/>\nBij haar te blijven \u2013 nee ?<\/p>\n<p>Geef niet toe, geef niet op<br \/>\nAlles wat je wil dat kan je leren<br \/>\nGeef niet toe, geef niet op<\/p>\n<p>Alles wat je wil<\/p>\n<p>Kan je hier wel krijgen<br \/>\nWe verkopen hier zelfs vijgen<br \/>\nDie vallen van de bomen<br \/>\nZe zijn niet in te tomen<br \/>\nEn als we blijven dromen<br \/>\nVan de liefde voor radijzen<br \/>\nZe zijn zo rond als vijzen<br \/>\nDie plaatsen we op strooooooooooooooooooooop<br \/>\nZozo.,<\/p>\n<p>Je kent toch van die moppen<br \/>\nDie ze vertellen over Schotten<br \/>\nHun mannen dragen rokken<br \/>\nHun kindjes hebben stoppen<br \/>\nIn hun oren van het vuil!<\/p>\n<p class=\"text\">Music &amp; lyrics : Wouter Van Belle<\/p>\n<p>&nbsp;<\/p>\n<\/div>\n<\/div>\n","protected":false},"excerpt":{"rendered":"<p>Maan Alleen in bed, de lakens koud Er is geen angst, er is geen berouw Ik verander enkel voor de schijn De klok slaat tien of elf en uit verveling doodt de tijd zichzelf. Ik tel en elke slag doet pijn. Dan wordt het nacht in de kamers van onschuld En ik voel mijn bloed <a class=\"read-more-link\" href=\"http:\/\/woutervanbelle.com\/disco\/wow-flutter\/lyrics\/\">Read More<\/a><\/p>\n","protected":false},"author":1,"featured_media":0,"parent":63,"menu_order":3,"comment_status":"closed","ping_status":"closed","template":"","meta":[],"_links":{"self":[{"href":"http:\/\/woutervanbelle.com\/disco\/wp-json\/wp\/v2\/pages\/73"}],"collection":[{"href":"http:\/\/woutervanbelle.com\/disco\/wp-json\/wp\/v2\/pages"}],"about":[{"href":"http:\/\/woutervanbelle.com\/disco\/wp-json\/wp\/v2\/types\/page"}],"author":[{"embeddable":true,"href":"http:\/\/woutervanbelle.com\/disco\/wp-json\/wp\/v2\/users\/1"}],"replies":[{"embeddable":true,"href":"http:\/\/woutervanbelle.com\/disco\/wp-json\/wp\/v2\/comments?post=73"}],"version-history":[{"count":10,"href":"http:\/\/woutervanbelle.com\/disco\/wp-json\/wp\/v2\/pages\/73\/revisions"}],"predecessor-version":[{"id":75,"href":"http:\/\/woutervanbelle.com\/disco\/wp-json\/wp\/v2\/pages\/73\/revisions\/75"}],"up":[{"embeddable":true,"href":"http:\/\/woutervanbelle.com\/disco\/wp-json\/wp\/v2\/pages\/63"}],"wp:attachment":[{"href":"http:\/\/woutervanbelle.com\/disco\/wp-json\/wp\/v2\/media?parent=73"}],"curies":[{"name":"wp","href":"https:\/\/api.w.org\/{rel}","templated":true}]}}